{"id":95,"date":"2019-09-23T15:24:07","date_gmt":"2019-09-23T13:24:07","guid":{"rendered":"https:\/\/www.hsvwrn-ol.at\/wp\/?page_id=95"},"modified":"2022-10-13T19:57:54","modified_gmt":"2022-10-13T17:57:54","slug":"datenschutzerklaerung","status":"publish","type":"page","link":"https:\/\/www.hsvwrn-ol.at\/wp\/datenschutzerklaerung\/","title":{"rendered":"Datenschutzerkl\u00e4rung"},"content":{"rendered":"\n<h2 class=\"wp-block-heading\">Datenschutzerkl\u00e4rung des HSV Orientierungslauf Wiener Neustadt<\/h2>\n\n\n\n<h3 class=\"wp-block-heading\">Grunds\u00e4tzliches<\/h3>\n\n\n\n<p>Der Schutz Ihrer pers\u00f6nlichen Daten ist uns ein besonderes Anliegen. Wir verarbeiten Ihre Daten daher ausschlie\u00dflich auf Grundlage der gesetzlichen Bestimmungen (DSGVO, TKG 2003). In dieser Datenschutzerkl\u00e4rung informieren wir Sie \u00fcber die wichtigsten Aspekte der Datenverarbeitung im Rahmen unserer Website.&nbsp;<\/p>\n\n\n\n<p>Beim Besuch unserer Webseite wird Ihre IP-Adresse, Beginn und Ende der Sitzung f\u00fcr die Dauer dieser Sitzung erfasst. Dies ist technisch bedingt und stellt damit ein berechtigtes Interesse iSv Art 6 Abs 1 lit f DSGVO dar. Soweit im Folgenden nichts anderes geregelt wird, werden diese  Daten von uns nicht weiterverarbeitet.<\/p>\n\n\n\n<h3 class=\"wp-block-heading\">Verantwortliche und Auftragsbearbeiter<\/h3>\n\n\n\n<p>Der Verantwortliche im Sinne der Datenschutz-Grundverordnung und anderer nationaler Datenschutzgesetze der Mitgliedsstaaten sowie sonstiger datenschutzrechtlicher Bestimmungen ist der<\/p>\n\n\n\n<p>HSV OL Wiener Neustadt<br>Am Waldstrand 1-5\/4\/12<br>2624 Neusiedl am Steinfeld<br>\u00d6sterreich<br><a href=\"mailto:datenschutz@hsvwrn-ol.at\">datenschutz@hsvwrn-ol.at<\/a><\/p>\n\n\n\n<h3 class=\"wp-block-heading\" id=\"heading_Datenspeicherung\">Datenspeicherung<\/h3>\n\n\n\n<h4 class=\"wp-block-heading\">Kommentare<\/h4>\n\n\n\n<p>Wenn Sie Kommentare auf der Website schreiben, sammeln wir die Daten, die im Kommentar-Formular angezeigt werden, au\u00dferdem Ihre IP-Adresse und den User-Agent-String (damit wird der Browser identifiziert), um die Erkennung von Spam zu unterst\u00fctzen.<\/p>\n\n\n\n<p>Aus Ihrer E-Mail-Adresse kann eine anonymisierte Zeichenfolge erstellt (auch Hash genannt) und dem Gravatar-Dienst \u00fcbergeben werden, um zu pr\u00fcfen, ob Sie diesen benutzen. Die Datenschutzerkl\u00e4rung des Gravatar-Dienstes finden Sie hier: <a rel=\"noreferrer noopener\" aria-label=\"https:\/\/automattic.com\/privacy\/ (opens in a new tab)\" href=\"https:\/\/automattic.com\/privacy\/\" target=\"_blank\">https:\/\/automattic.com\/privacy\/<\/a>. Nachdem Ihr Kommentar freigegeben wurde, ist Ihr Profilbild \u00f6ffentlich im Kontext deines Kommentars sichtbar.<\/p>\n\n\n\n<p>Wenn Sie einen Kommentar schreiben, wird dieser inklusive Metadaten zeitlich unbegrenzt gespeichert. Auf diese Art k\u00f6nnen wir Folgekommentare automatisch erkennen und freigeben, anstelle sie in einer Moderations-Warteschlange festzuhalten.<\/p>\n\n\n\n<h4 class=\"wp-block-heading\">Kontaktformular<\/h4>\n\n\n\n<p>Daten, die beim Absenden des Kontaktformulars \u00fcbermittelt werden, werden direkt per E-Mail an office@hsvwrn-ol.at gesendet und nicht dauerhaft am Server gespeichert.<\/p>\n\n\n\n<h4 class=\"wp-block-heading\">Weberver Logs<\/h4>\n\n\n\n<p>Die Webserver erzeugen Logfiles, welche folgende Informationen beinhalten:<\/p>\n\n\n\n<ul class=\"wp-block-list\"><li>die aufgerufene Seite (URL)<\/li><li>der Browser bzw. die Browserversion<\/li><li>das verwendete Betriebssystem<\/li><li>die Referrer URL (die zuvor besuchte Seite)<\/li><li>Hostname und IP-Adresse des zugreifenden Rechners<\/li><li>die Uhrzeit der Serveranfrage<\/li><\/ul>\n\n\n\n<p>Diese Logdateien werden gem\u00e4\u00df zwei Wochen lang gespeichert.<\/p>\n\n\n\n<h3 class=\"wp-block-heading\" id=\"heading_Cookies\">Cookies<\/h3>\n\n\n\n<p>Unsere Website verwendet so genannte Cookies. Dabei handelt es sich um kleine Textdateien, die mit Hilfe des Browsers auf Ihrem Endger\u00e4t abgelegt werden. Sie richten keinen Schaden an.<\/p>\n\n\n\n<p>Wir nutzen Cookies dazu, unser Angebot nutzerfreundlich zu gestalten. Einige Cookies bleiben auf Ihrem Endger\u00e4t gespeichert, bis Sie diese l\u00f6schen. Sie erm\u00f6glichen es uns, Ihren Browser beim n\u00e4chsten Besuch wiederzuerkennen.<\/p>\n\n\n\n<p>Wenn Sie dies nicht w\u00fcnschen, so k\u00f6nnen Sie Ihren Browser so einrichten, dass er Sie \u00fcber das Setzen von Cookies informiert und Sie dies nur im Einzelfall erlauben.<\/p>\n\n\n\n<p>Bei der Deaktivierung von Cookies kann die Funktionalit\u00e4t unserer Website eingeschr\u00e4nkt sein.<\/p>\n\n\n\n<p>Wenn Sie einen Kommentar auf unserer Website schreiben, besteht die M\u00f6glichkeit, Ihren Namen, Ihre E-Mail-Adresse und Ihre Website in Cookies zu speichern. Dies ist eine Komfortfunktion, damit Sie nicht, wenn Sie einen weiteren Kommentar schreiben, all diese Daten erneut eingeben m\u00fcssen. Diese Cookies werden ein Jahr lang gespeichert.<\/p>\n\n\n\n<h3 class=\"wp-block-heading\">Eingebettete Inhalte von anderen Websites<\/h3>\n\n\n\n<p>Beitr\u00e4ge auf dieser Website k\u00f6nnen eingebettete Inhalte beinhalten (z.&nbsp;B. Videos, Bilder, Beitr\u00e4ge etc.). Eingebettete Inhalte von anderen Websites verhalten sich exakt so, als ob der Besucher die andere Website besucht h\u00e4tte.<\/p>\n\n\n\n<p>Diese Websites k\u00f6nnen Daten \u00fcber dich sammeln, Cookies benutzen, zus\u00e4tzliche Tracking-Dienste von Dritten einbetten und deine Interaktion mit diesem eingebetteten Inhalt aufzeichnen, inklusive deiner Interaktion mit dem eingebetteten Inhalt, falls du ein Konto hast und auf dieser Website angemeldet bist.<\/p>\n\n\n\n<h3 class=\"wp-block-heading\">Verwendung von Social Media Plugins<\/h3>\n\n\n\n<p>Auf unser Website werden Plugins der sozialen Netzwerke Facebook und Twitter verwendet:<br> \u201eFacebook-I-Like\u201c bzw. \u201eFacebook-Gef\u00e4llt-mir\u201c: betrieben von: Facebook Inc., 1601 S. California Ave, Palo Alto, CA 94304, United States<br> \u201eTwitter Re-Tweet\u201c betrieben von: Twitter Inc., 795Folsom St., Suite 600, San Francisco, CA 94107, United States<\/p>\n\n\n\n<p>Wenn Sie mit einem solchen Plugin versehene Seiten unserer Website aufrufen, wird eine Verbindung zu den jeweiligen Servern hergestellt und dabei das Plugin durch Mitteilung an Ihren Browser auf der Seite dargestellt. Hierdurch wird an den Server \u00fcbermittelt, welche unserer Seiten Sie besucht haben. Sind Sie dabei als  Mitglied bei Facebook oder Twitter eingeloggt, ordnet Facebook bzw. Twitter diese Information Ihrem pers\u00f6nlichen Benutzerkonto zu. Bei der Nutzung der Plugin-Funktionen (z.B. Anklicken des &#8222;Teilen&#8220;-Buttons) werden auch diese Informationen Ihrem Konto zugeordnet, was Sie nur durch Ausloggen vor Nutzung des Plugins verhindern k\u00f6nnen.<\/p>\n\n\n\n<p>Durch das Benutzen von Twitter und der Funktion &#8222;Re-Tweet&#8220; werden die von Ihnen besuchten Webseiten mit Ihrem Twitter-Account verkn\u00fcpft und anderen Nutzern bekannt gegeben. Dabei werden auch Daten an Twitter \u00fcbertragen. Wir weisen darauf hin, dass wir als Anbieter der Seiten keine Kenntnis vom Inhalt der \u00fcbermittelten Daten sowie deren Nutzung durch Twitter erhalten.<\/p>\n\n\n\n<p>N\u00e4here Informationen zur Erhebung und Nutzung der Daten durch Facebook und Twitter, \u00fcber Ihre diesbez\u00fcglichen Rechte und M\u00f6glichkeiten zum Schutz Ihrer Privatsph\u00e4re finden Sie in der Datenschutzerkl\u00e4rung von Facebook bzw in der Datenschutzerkl\u00e4rung von Twitter.<\/p>\n\n\n\n<p>Datenschutzerkl\u00e4rung von Facebook: <a rel=\"noreferrer noopener\" aria-label=\" (opens in a new tab)\" href=\"https:\/\/www.facebook.com\/privacy\/explanation\" target=\"_blank\">www.facebook.com\/privacy\/explanation<\/a><\/p>\n\n\n\n<p>Datenschutzerkl\u00e4rung von Twitter: <a href=\"https:\/\/twitter.com\/de\/privacy\">www.twitter.com\/de\/privacy<\/a><\/p>\n\n\n\n<h3 class=\"wp-block-heading\">Ihre Rechte<\/h3>\n\n\n\n<p>Wenn Sie Kommentare geschrieben haben, k\u00f6nnen Sie einen Export Ihrer personenbezogenen Daten bei uns anfordern, inklusive aller Daten, die Sie uns mitgeteilt haben. Dar\u00fcber hinaus k\u00f6nnen Sie die L\u00f6schung aller personenbezogenen Daten, die wir von Ihnen gespeichert haben, anfordern. Dies umfasst nicht die Daten, die wir aufgrund administrativer, rechtlicher oder sicherheitsrelevanter Notwendigkeiten aufbewahren m\u00fcssen.<\/p>\n\n\n\n<p>Weiters stehen bez\u00fcglich Ihrer bei uns gespeicherten Daten die Rechte auf Berichtigung, Einschr\u00e4nkung, Daten\u00fcbertragbarkeit, Widerruf und Widerspruch zu. Wenn Sie glauben, dass die Verarbeitung Ihrer Daten gegen das Datenschutzrecht verst\u00f6\u00dft oder Ihre datenschutzrechtlichen Anspr\u00fcche sonst in einer Weise verletzt worden sind, k\u00f6nnen Sie sich bei uns (<a href=\"mailto:datenschutz@hsvwrn-ol.at\">datenschutz@hsvwrn-ol.at<\/a>) oder der Datenschutzbeh\u00f6rde beschweren.<\/p>\n","protected":false},"excerpt":{"rendered":"<p>Datenschutzerkl\u00e4rung des HSV Orientierungslauf Wiener Neustadt Grunds\u00e4tzliches Der Schutz Ihrer pers\u00f6nlichen Daten ist uns ein besonderes Anliegen. Wir verarbeiten Ihre Daten daher ausschlie\u00dflich auf Grundlage der gesetzlichen Bestimmungen (DSGVO, TKG 2003). In dieser Datenschutzerkl\u00e4rung&#46;&#46;&#46;<\/p>\n","protected":false},"author":1,"featured_media":0,"parent":0,"menu_order":0,"comment_status":"closed","ping_status":"closed","template":"","meta":{"footnotes":""},"class_list":["post-95","page","type-page","status-publish","hentry"],"yoast_head":"<!-- This site is optimized with the Yoast SEO plugin v27.5 - https:\/\/yoast.com\/product\/yoast-seo-wordpress\/ -->\n<title>Datenschutzerkl\u00e4rung &amp; Information - HSV OL Wiener Neustadt<\/title>\n<meta name=\"description\" content=\"Datenschutzerkl\u00e4rung: Informationen \u00fcber die Speicherung von personenbezogenen Daten, Cookies und die automatisierte Verarbeitung von Daten auf der Website.\" \/>\n<meta name=\"robots\" content=\"index, follow, max-snippet:-1, max-image-preview:large, max-video-preview:-1\" \/>\n<link rel=\"canonical\" href=\"https:\/\/www.hsvwrn-ol.at\/wp\/datenschutzerklaerung\/\" \/>\n<meta property=\"og:locale\" content=\"de_DE\" \/>\n<meta property=\"og:type\" content=\"article\" \/>\n<meta property=\"og:title\" content=\"Datenschutzerkl\u00e4rung &amp; Information - HSV OL Wiener Neustadt\" \/>\n<meta property=\"og:description\" content=\"Datenschutzerkl\u00e4rung: Informationen \u00fcber die Speicherung von personenbezogenen Daten, Cookies und die automatisierte Verarbeitung von Daten auf der Website.\" \/>\n<meta property=\"og:url\" content=\"https:\/\/www.hsvwrn-ol.at\/wp\/datenschutzerklaerung\/\" \/>\n<meta property=\"og:site_name\" content=\"HSV OL Wiener Neustadt\" \/>\n<meta property=\"article:publisher\" content=\"https:\/\/www.facebook.com\/hsvwrn\/\" \/>\n<meta property=\"article:modified_time\" content=\"2022-10-13T17:57:54+00:00\" \/>\n<meta property=\"og:image\" content=\"https:\/\/www.hsvwrn-ol.at\/wp\/wp-content\/uploads\/hsv-logo_300dpi.png\" \/>\n\t<meta property=\"og:image:width\" content=\"489\" \/>\n\t<meta property=\"og:image:height\" content=\"744\" \/>\n\t<meta property=\"og:image:type\" content=\"image\/png\" \/>\n<meta name=\"twitter:card\" content=\"summary_large_image\" \/>\n<meta name=\"twitter:site\" content=\"@hsvwrn\" \/>\n<meta name=\"twitter:label1\" content=\"Gesch\u00e4tzte Lesezeit\" \/>\n\t<meta name=\"twitter:data1\" content=\"5\u00a0Minuten\" \/>\n<script type=\"application\/ld+json\" class=\"yoast-schema-graph\">{\"@context\":\"https:\\\/\\\/schema.org\",\"@graph\":[{\"@type\":\"WebPage\",\"@id\":\"https:\\\/\\\/www.hsvwrn-ol.at\\\/wp\\\/datenschutzerklaerung\\\/\",\"url\":\"https:\\\/\\\/www.hsvwrn-ol.at\\\/wp\\\/datenschutzerklaerung\\\/\",\"name\":\"Datenschutzerkl\u00e4rung & Information - HSV OL Wiener Neustadt\",\"isPartOf\":{\"@id\":\"https:\\\/\\\/www.hsvwrn-ol.at\\\/wp\\\/#website\"},\"datePublished\":\"2019-09-23T13:24:07+00:00\",\"dateModified\":\"2022-10-13T17:57:54+00:00\",\"description\":\"Datenschutzerkl\u00e4rung: Informationen \u00fcber die Speicherung von personenbezogenen Daten, Cookies und die automatisierte Verarbeitung von Daten auf der Website.\",\"breadcrumb\":{\"@id\":\"https:\\\/\\\/www.hsvwrn-ol.at\\\/wp\\\/datenschutzerklaerung\\\/#breadcrumb\"},\"inLanguage\":\"de\",\"potentialAction\":[{\"@type\":\"ReadAction\",\"target\":[\"https:\\\/\\\/www.hsvwrn-ol.at\\\/wp\\\/datenschutzerklaerung\\\/\"]}]},{\"@type\":\"BreadcrumbList\",\"@id\":\"https:\\\/\\\/www.hsvwrn-ol.at\\\/wp\\\/datenschutzerklaerung\\\/#breadcrumb\",\"itemListElement\":[{\"@type\":\"ListItem\",\"position\":1,\"name\":\"Startseite\",\"item\":\"https:\\\/\\\/www.hsvwrn-ol.at\\\/wp\\\/\"},{\"@type\":\"ListItem\",\"position\":2,\"name\":\"Datenschutzerkl\u00e4rung\"}]},{\"@type\":\"WebSite\",\"@id\":\"https:\\\/\\\/www.hsvwrn-ol.at\\\/wp\\\/#website\",\"url\":\"https:\\\/\\\/www.hsvwrn-ol.at\\\/wp\\\/\",\"name\":\"HSV OL Wiener Neustadt\",\"description\":\"Erlebnis Orientierungslauf\",\"publisher\":{\"@id\":\"https:\\\/\\\/www.hsvwrn-ol.at\\\/wp\\\/#organization\"},\"potentialAction\":[{\"@type\":\"SearchAction\",\"target\":{\"@type\":\"EntryPoint\",\"urlTemplate\":\"https:\\\/\\\/www.hsvwrn-ol.at\\\/wp\\\/?s={search_term_string}\"},\"query-input\":{\"@type\":\"PropertyValueSpecification\",\"valueRequired\":true,\"valueName\":\"search_term_string\"}}],\"inLanguage\":\"de\"},{\"@type\":\"Organization\",\"@id\":\"https:\\\/\\\/www.hsvwrn-ol.at\\\/wp\\\/#organization\",\"name\":\"HSV OL Wiener Neustadt\",\"url\":\"https:\\\/\\\/www.hsvwrn-ol.at\\\/wp\\\/\",\"logo\":{\"@type\":\"ImageObject\",\"inLanguage\":\"de\",\"@id\":\"https:\\\/\\\/www.hsvwrn-ol.at\\\/wp\\\/#\\\/schema\\\/logo\\\/image\\\/\",\"url\":\"https:\\\/\\\/www.hsvwrn-ol.at\\\/wp\\\/wp-content\\\/uploads\\\/hsv-logo_300dpi.png\",\"contentUrl\":\"https:\\\/\\\/www.hsvwrn-ol.at\\\/wp\\\/wp-content\\\/uploads\\\/hsv-logo_300dpi.png\",\"width\":489,\"height\":744,\"caption\":\"HSV OL Wiener Neustadt\"},\"image\":{\"@id\":\"https:\\\/\\\/www.hsvwrn-ol.at\\\/wp\\\/#\\\/schema\\\/logo\\\/image\\\/\"},\"sameAs\":[\"https:\\\/\\\/www.facebook.com\\\/hsvwrn\\\/\",\"https:\\\/\\\/x.com\\\/hsvwrn\",\"https:\\\/\\\/www.instagram.com\\\/hsvolwn\\\/\",\"https:\\\/\\\/www.youtube.com\\\/channel\\\/UCX3_JPtaaFyugU5Wg0uv7NA\"]}]}<\/script>\n<!-- \/ Yoast SEO plugin. -->","yoast_head_json":{"title":"Datenschutzerkl\u00e4rung & Information - HSV OL Wiener Neustadt","description":"Datenschutzerkl\u00e4rung: Informationen \u00fcber die Speicherung von personenbezogenen Daten, Cookies und die automatisierte Verarbeitung von Daten auf der Website.","robots":{"index":"index","follow":"follow","max-snippet":"max-snippet:-1","max-image-preview":"max-image-preview:large","max-video-preview":"max-video-preview:-1"},"canonical":"https:\/\/www.hsvwrn-ol.at\/wp\/datenschutzerklaerung\/","og_locale":"de_DE","og_type":"article","og_title":"Datenschutzerkl\u00e4rung & Information - HSV OL Wiener Neustadt","og_description":"Datenschutzerkl\u00e4rung: Informationen \u00fcber die Speicherung von personenbezogenen Daten, Cookies und die automatisierte Verarbeitung von Daten auf der Website.","og_url":"https:\/\/www.hsvwrn-ol.at\/wp\/datenschutzerklaerung\/","og_site_name":"HSV OL Wiener Neustadt","article_publisher":"https:\/\/www.facebook.com\/hsvwrn\/","article_modified_time":"2022-10-13T17:57:54+00:00","og_image":[{"width":489,"height":744,"url":"https:\/\/www.hsvwrn-ol.at\/wp\/wp-content\/uploads\/hsv-logo_300dpi.png","type":"image\/png"}],"twitter_card":"summary_large_image","twitter_site":"@hsvwrn","twitter_misc":{"Gesch\u00e4tzte Lesezeit":"5\u00a0Minuten"},"schema":{"@context":"https:\/\/schema.org","@graph":[{"@type":"WebPage","@id":"https:\/\/www.hsvwrn-ol.at\/wp\/datenschutzerklaerung\/","url":"https:\/\/www.hsvwrn-ol.at\/wp\/datenschutzerklaerung\/","name":"Datenschutzerkl\u00e4rung & Information - HSV OL Wiener Neustadt","isPartOf":{"@id":"https:\/\/www.hsvwrn-ol.at\/wp\/#website"},"datePublished":"2019-09-23T13:24:07+00:00","dateModified":"2022-10-13T17:57:54+00:00","description":"Datenschutzerkl\u00e4rung: Informationen \u00fcber die Speicherung von personenbezogenen Daten, Cookies und die automatisierte Verarbeitung von Daten auf der Website.","breadcrumb":{"@id":"https:\/\/www.hsvwrn-ol.at\/wp\/datenschutzerklaerung\/#breadcrumb"},"inLanguage":"de","potentialAction":[{"@type":"ReadAction","target":["https:\/\/www.hsvwrn-ol.at\/wp\/datenschutzerklaerung\/"]}]},{"@type":"BreadcrumbList","@id":"https:\/\/www.hsvwrn-ol.at\/wp\/datenschutzerklaerung\/#breadcrumb","itemListElement":[{"@type":"ListItem","position":1,"name":"Startseite","item":"https:\/\/www.hsvwrn-ol.at\/wp\/"},{"@type":"ListItem","position":2,"name":"Datenschutzerkl\u00e4rung"}]},{"@type":"WebSite","@id":"https:\/\/www.hsvwrn-ol.at\/wp\/#website","url":"https:\/\/www.hsvwrn-ol.at\/wp\/","name":"HSV OL Wiener Neustadt","description":"Erlebnis Orientierungslauf","publisher":{"@id":"https:\/\/www.hsvwrn-ol.at\/wp\/#organization"},"potentialAction":[{"@type":"SearchAction","target":{"@type":"EntryPoint","urlTemplate":"https:\/\/www.hsvwrn-ol.at\/wp\/?s={search_term_string}"},"query-input":{"@type":"PropertyValueSpecification","valueRequired":true,"valueName":"search_term_string"}}],"inLanguage":"de"},{"@type":"Organization","@id":"https:\/\/www.hsvwrn-ol.at\/wp\/#organization","name":"HSV OL Wiener Neustadt","url":"https:\/\/www.hsvwrn-ol.at\/wp\/","logo":{"@type":"ImageObject","inLanguage":"de","@id":"https:\/\/www.hsvwrn-ol.at\/wp\/#\/schema\/logo\/image\/","url":"https:\/\/www.hsvwrn-ol.at\/wp\/wp-content\/uploads\/hsv-logo_300dpi.png","contentUrl":"https:\/\/www.hsvwrn-ol.at\/wp\/wp-content\/uploads\/hsv-logo_300dpi.png","width":489,"height":744,"caption":"HSV OL Wiener Neustadt"},"image":{"@id":"https:\/\/www.hsvwrn-ol.at\/wp\/#\/schema\/logo\/image\/"},"sameAs":["https:\/\/www.facebook.com\/hsvwrn\/","https:\/\/x.com\/hsvwrn","https:\/\/www.instagram.com\/hsvolwn\/","https:\/\/www.youtube.com\/channel\/UCX3_JPtaaFyugU5Wg0uv7NA"]}]}},"_links":{"self":[{"href":"https:\/\/www.hsvwrn-ol.at\/wp\/wp-json\/wp\/v2\/pages\/95","targetHints":{"allow":["GET"]}}],"collection":[{"href":"https:\/\/www.hsvwrn-ol.at\/wp\/wp-json\/wp\/v2\/pages"}],"about":[{"href":"https:\/\/www.hsvwrn-ol.at\/wp\/wp-json\/wp\/v2\/types\/page"}],"author":[{"embeddable":true,"href":"https:\/\/www.hsvwrn-ol.at\/wp\/wp-json\/wp\/v2\/users\/1"}],"replies":[{"embeddable":true,"href":"https:\/\/www.hsvwrn-ol.at\/wp\/wp-json\/wp\/v2\/comments?post=95"}],"version-history":[{"count":3,"href":"https:\/\/www.hsvwrn-ol.at\/wp\/wp-json\/wp\/v2\/pages\/95\/revisions"}],"predecessor-version":[{"id":8952,"href":"https:\/\/www.hsvwrn-ol.at\/wp\/wp-json\/wp\/v2\/pages\/95\/revisions\/8952"}],"wp:attachment":[{"href":"https:\/\/www.hsvwrn-ol.at\/wp\/wp-json\/wp\/v2\/media?parent=95"}],"curies":[{"name":"wp","href":"https:\/\/api.w.org\/{rel}","templated":true}]}}